{"id":215,"date":"2022-09-30T09:18:36","date_gmt":"2022-09-30T07:18:36","guid":{"rendered":"https:\/\/krav-maga-street-defence-paderborn.de\/?page_id=215"},"modified":"2023-04-02T10:18:11","modified_gmt":"2023-04-02T08:18:11","slug":"street-defence-paderborn-was-ist-krav-maga","status":"publish","type":"page","link":"https:\/\/krav-maga-street-defence-paderborn.de\/","title":{"rendered":"Was ist Krav Maga?"},"content":{"rendered":"\n<p><strong>Krav Maga<\/strong> (hebr\u00e4isch \u05e7\u05e8\u05d1 \u05de\u05d2\u05e2 \u201eKontaktkampf\u201c) ist ein sehr effektives Selbstverteidigungssystem aus Israel.<\/p>\n\n\n\n<p>Krav Maga verzichtet auf festgelegte Formen und Abl\u00e4ufe und ist darum auch keine Kampfkunst oder Kampfsport. Es basiert auf den nat\u00fcrlichen Bewegungsabl\u00e4ufen und Reaktionen und muss deshalb auch nicht langwierig antrainiert werden.<\/p>\n\n\n\n<p>Ziel ist es, den Trainierenden schnellstm\u00f6glich in die Lage zu versetzen, sich aus einem Angriffs-Szenario zu befreien, sodass er die Flucht ergreifen kann.<\/p>\n\n\n\n<p>Somit haben auch Frauen und kleinere und evtl. schw\u00e4chere Personen eine realistische Chance, eine Bedrohung oder Angriff zu \u00fcberstehen.<\/p>\n\n\n\n<p><\/p>\n","protected":false},"excerpt":{"rendered":"<p>Krav Maga (hebr\u00e4isch \u05e7\u05e8\u05d1 \u05de\u05d2\u05e2 \u201eKontaktkampf\u201c) ist ein sehr effektives Selbstverteidigungssystem aus Israel. Krav Maga verzichtet auf festgelegte Formen und Abl\u00e4ufe und ist darum auch keine Kampfkunst oder Kampfsport. Es basiert auf den nat\u00fcrlichen Bewegungsabl\u00e4ufen und Reaktionen und muss deshalb auch nicht langwierig antrainiert werden. Ziel ist es, den Trainierenden schnellstm\u00f6glich in die Lage zu&hellip; <a class=\"more-link\" href=\"https:\/\/krav-maga-street-defence-paderborn.de\/\"><span class=\"screen-reader-text\">Was ist Krav Maga?<\/span> weiterlesen<\/a><\/p>\n","protected":false},"author":1,"featured_media":0,"parent":0,"menu_order":0,"comment_status":"closed","ping_status":"closed","template":"","meta":{"footnotes":""},"class_list":["post-215","page","type-page","status-publish","hentry","entry"],"yoast_head":"<!-- This site is optimized with the Yoast SEO plugin v27.5 - https:\/\/yoast.com\/product\/yoast-seo-wordpress\/ -->\n<title>Was ist Krav Maga? - Krav Maga Street Defence Paderborn<\/title>\n<meta name=\"description\" content=\"Erfahren Sie mehr \u00fcber Krav Maga - die effektive Selbstverteidigungstechnik. Was ist Krav Maga und wie funktioniert es? Hier finden Sie alle Infos. Jetzt informieren!\" \/>\n<meta name=\"robots\" content=\"index, follow, max-snippet:-1, max-image-preview:large, max-video-preview:-1\" \/>\n<link rel=\"canonical\" href=\"https:\/\/krav-maga-street-defence-paderborn.de\/\" \/>\n<meta property=\"og:locale\" content=\"de_DE\" \/>\n<meta property=\"og:type\" content=\"article\" \/>\n<meta property=\"og:title\" content=\"Was ist Krav Maga? - Krav Maga Street Defence Paderborn\" \/>\n<meta property=\"og:description\" content=\"Erfahren Sie mehr \u00fcber Krav Maga - die effektive Selbstverteidigungstechnik. Was ist Krav Maga und wie funktioniert es? Hier finden Sie alle Infos. Jetzt informieren!\" \/>\n<meta property=\"og:url\" content=\"https:\/\/krav-maga-street-defence-paderborn.de\/\" \/>\n<meta property=\"og:site_name\" content=\"Krav Maga Street Defence Paderborn\" \/>\n<meta property=\"article:publisher\" content=\"https:\/\/www.facebook.com\/profile.php?id=100088398933969\" \/>\n<meta property=\"article:modified_time\" content=\"2023-04-02T08:18:11+00:00\" \/>\n<meta name=\"twitter:card\" content=\"summary_large_image\" \/>\n<meta name=\"twitter:label1\" content=\"Gesch\u00e4tzte Lesezeit\" \/>\n\t<meta name=\"twitter:data1\" content=\"1\u00a0Minute\" \/>\n<script type=\"application\/ld+json\" class=\"yoast-schema-graph\">{\"@context\":\"https:\\\/\\\/schema.org\",\"@graph\":[{\"@type\":\"WebPage\",\"@id\":\"https:\\\/\\\/krav-maga-street-defence-paderborn.de\\\/\",\"url\":\"https:\\\/\\\/krav-maga-street-defence-paderborn.de\\\/\",\"name\":\"Was ist Krav Maga? - Krav Maga Street Defence Paderborn\",\"isPartOf\":{\"@id\":\"https:\\\/\\\/krav-maga-street-defence-paderborn.de\\\/#website\"},\"datePublished\":\"2022-09-30T07:18:36+00:00\",\"dateModified\":\"2023-04-02T08:18:11+00:00\",\"description\":\"Erfahren Sie mehr \u00fcber Krav Maga - die effektive Selbstverteidigungstechnik. Was ist Krav Maga und wie funktioniert es? Hier finden Sie alle Infos. Jetzt informieren!\",\"breadcrumb\":{\"@id\":\"https:\\\/\\\/krav-maga-street-defence-paderborn.de\\\/#breadcrumb\"},\"inLanguage\":\"de\",\"potentialAction\":[{\"@type\":\"ReadAction\",\"target\":[\"https:\\\/\\\/krav-maga-street-defence-paderborn.de\\\/\"]}]},{\"@type\":\"BreadcrumbList\",\"@id\":\"https:\\\/\\\/krav-maga-street-defence-paderborn.de\\\/#breadcrumb\",\"itemListElement\":[{\"@type\":\"ListItem\",\"position\":1,\"name\":\"Home\",\"item\":\"https:\\\/\\\/krav-maga-street-defence-paderborn.de\\\/\"},{\"@type\":\"ListItem\",\"position\":2,\"name\":\"Was ist Krav Maga?\"}]},{\"@type\":\"WebSite\",\"@id\":\"https:\\\/\\\/krav-maga-street-defence-paderborn.de\\\/#website\",\"url\":\"https:\\\/\\\/krav-maga-street-defence-paderborn.de\\\/\",\"name\":\"Krav Maga Street Defence Paderborn\",\"description\":\"Selbstverteidigung mit Krav Maga in Paderborn\",\"publisher\":{\"@id\":\"https:\\\/\\\/krav-maga-street-defence-paderborn.de\\\/#\\\/schema\\\/person\\\/f931957c4fe39feb6ed615b097cbb6fe\"},\"potentialAction\":[{\"@type\":\"SearchAction\",\"target\":{\"@type\":\"EntryPoint\",\"urlTemplate\":\"https:\\\/\\\/krav-maga-street-defence-paderborn.de\\\/?s={search_term_string}\"},\"query-input\":{\"@type\":\"PropertyValueSpecification\",\"valueRequired\":true,\"valueName\":\"search_term_string\"}}],\"inLanguage\":\"de\"},{\"@type\":[\"Person\",\"Organization\"],\"@id\":\"https:\\\/\\\/krav-maga-street-defence-paderborn.de\\\/#\\\/schema\\\/person\\\/f931957c4fe39feb6ed615b097cbb6fe\",\"name\":\"admin\",\"image\":{\"@type\":\"ImageObject\",\"inLanguage\":\"de\",\"@id\":\"https:\\\/\\\/krav-maga-street-defence-paderborn.de\\\/wp-content\\\/uploads\\\/2022\\\/09\\\/cropped-Foto-01.08.22-11-58-40-e1662664911639.png\",\"url\":\"https:\\\/\\\/krav-maga-street-defence-paderborn.de\\\/wp-content\\\/uploads\\\/2022\\\/09\\\/cropped-Foto-01.08.22-11-58-40-e1662664911639.png\",\"contentUrl\":\"https:\\\/\\\/krav-maga-street-defence-paderborn.de\\\/wp-content\\\/uploads\\\/2022\\\/09\\\/cropped-Foto-01.08.22-11-58-40-e1662664911639.png\",\"width\":2731,\"height\":1163,\"caption\":\"admin\"},\"logo\":{\"@id\":\"https:\\\/\\\/krav-maga-street-defence-paderborn.de\\\/wp-content\\\/uploads\\\/2022\\\/09\\\/cropped-Foto-01.08.22-11-58-40-e1662664911639.png\"},\"sameAs\":[\"https:\\\/\\\/krav-maga.ralfs-fahrschule.com\",\"https:\\\/\\\/www.facebook.com\\\/profile.php?id=100088398933969\",\"https:\\\/\\\/www.instagram.com\\\/kravmagastreetdefencepaderborn\\\/\"]}]}<\/script>\n<!-- \/ Yoast SEO plugin. -->","yoast_head_json":{"title":"Was ist Krav Maga? - Krav Maga Street Defence Paderborn","description":"Erfahren Sie mehr \u00fcber Krav Maga - die effektive Selbstverteidigungstechnik. Was ist Krav Maga und wie funktioniert es? Hier finden Sie alle Infos. Jetzt informieren!","robots":{"index":"index","follow":"follow","max-snippet":"max-snippet:-1","max-image-preview":"max-image-preview:large","max-video-preview":"max-video-preview:-1"},"canonical":"https:\/\/krav-maga-street-defence-paderborn.de\/","og_locale":"de_DE","og_type":"article","og_title":"Was ist Krav Maga? - Krav Maga Street Defence Paderborn","og_description":"Erfahren Sie mehr \u00fcber Krav Maga - die effektive Selbstverteidigungstechnik. Was ist Krav Maga und wie funktioniert es? Hier finden Sie alle Infos. Jetzt informieren!","og_url":"https:\/\/krav-maga-street-defence-paderborn.de\/","og_site_name":"Krav Maga Street Defence Paderborn","article_publisher":"https:\/\/www.facebook.com\/profile.php?id=100088398933969","article_modified_time":"2023-04-02T08:18:11+00:00","twitter_card":"summary_large_image","twitter_misc":{"Gesch\u00e4tzte Lesezeit":"1\u00a0Minute"},"schema":{"@context":"https:\/\/schema.org","@graph":[{"@type":"WebPage","@id":"https:\/\/krav-maga-street-defence-paderborn.de\/","url":"https:\/\/krav-maga-street-defence-paderborn.de\/","name":"Was ist Krav Maga? - Krav Maga Street Defence Paderborn","isPartOf":{"@id":"https:\/\/krav-maga-street-defence-paderborn.de\/#website"},"datePublished":"2022-09-30T07:18:36+00:00","dateModified":"2023-04-02T08:18:11+00:00","description":"Erfahren Sie mehr \u00fcber Krav Maga - die effektive Selbstverteidigungstechnik. Was ist Krav Maga und wie funktioniert es? Hier finden Sie alle Infos. Jetzt informieren!","breadcrumb":{"@id":"https:\/\/krav-maga-street-defence-paderborn.de\/#breadcrumb"},"inLanguage":"de","potentialAction":[{"@type":"ReadAction","target":["https:\/\/krav-maga-street-defence-paderborn.de\/"]}]},{"@type":"BreadcrumbList","@id":"https:\/\/krav-maga-street-defence-paderborn.de\/#breadcrumb","itemListElement":[{"@type":"ListItem","position":1,"name":"Home","item":"https:\/\/krav-maga-street-defence-paderborn.de\/"},{"@type":"ListItem","position":2,"name":"Was ist Krav Maga?"}]},{"@type":"WebSite","@id":"https:\/\/krav-maga-street-defence-paderborn.de\/#website","url":"https:\/\/krav-maga-street-defence-paderborn.de\/","name":"Krav Maga Street Defence Paderborn","description":"Selbstverteidigung mit Krav Maga in Paderborn","publisher":{"@id":"https:\/\/krav-maga-street-defence-paderborn.de\/#\/schema\/person\/f931957c4fe39feb6ed615b097cbb6fe"},"potentialAction":[{"@type":"SearchAction","target":{"@type":"EntryPoint","urlTemplate":"https:\/\/krav-maga-street-defence-paderborn.de\/?s={search_term_string}"},"query-input":{"@type":"PropertyValueSpecification","valueRequired":true,"valueName":"search_term_string"}}],"inLanguage":"de"},{"@type":["Person","Organization"],"@id":"https:\/\/krav-maga-street-defence-paderborn.de\/#\/schema\/person\/f931957c4fe39feb6ed615b097cbb6fe","name":"admin","image":{"@type":"ImageObject","inLanguage":"de","@id":"https:\/\/krav-maga-street-defence-paderborn.de\/wp-content\/uploads\/2022\/09\/cropped-Foto-01.08.22-11-58-40-e1662664911639.png","url":"https:\/\/krav-maga-street-defence-paderborn.de\/wp-content\/uploads\/2022\/09\/cropped-Foto-01.08.22-11-58-40-e1662664911639.png","contentUrl":"https:\/\/krav-maga-street-defence-paderborn.de\/wp-content\/uploads\/2022\/09\/cropped-Foto-01.08.22-11-58-40-e1662664911639.png","width":2731,"height":1163,"caption":"admin"},"logo":{"@id":"https:\/\/krav-maga-street-defence-paderborn.de\/wp-content\/uploads\/2022\/09\/cropped-Foto-01.08.22-11-58-40-e1662664911639.png"},"sameAs":["https:\/\/krav-maga.ralfs-fahrschule.com","https:\/\/www.facebook.com\/profile.php?id=100088398933969","https:\/\/www.instagram.com\/kravmagastreetdefencepaderborn\/"]}]}},"_links":{"self":[{"href":"https:\/\/krav-maga-street-defence-paderborn.de\/index.php\/wp-json\/wp\/v2\/pages\/215","targetHints":{"allow":["GET"]}}],"collection":[{"href":"https:\/\/krav-maga-street-defence-paderborn.de\/index.php\/wp-json\/wp\/v2\/pages"}],"about":[{"href":"https:\/\/krav-maga-street-defence-paderborn.de\/index.php\/wp-json\/wp\/v2\/types\/page"}],"author":[{"embeddable":true,"href":"https:\/\/krav-maga-street-defence-paderborn.de\/index.php\/wp-json\/wp\/v2\/users\/1"}],"replies":[{"embeddable":true,"href":"https:\/\/krav-maga-street-defence-paderborn.de\/index.php\/wp-json\/wp\/v2\/comments?post=215"}],"version-history":[{"count":6,"href":"https:\/\/krav-maga-street-defence-paderborn.de\/index.php\/wp-json\/wp\/v2\/pages\/215\/revisions"}],"predecessor-version":[{"id":369,"href":"https:\/\/krav-maga-street-defence-paderborn.de\/index.php\/wp-json\/wp\/v2\/pages\/215\/revisions\/369"}],"wp:attachment":[{"href":"https:\/\/krav-maga-street-defence-paderborn.de\/index.php\/wp-json\/wp\/v2\/media?parent=215"}],"curies":[{"name":"wp","href":"https:\/\/api.w.org\/{rel}","templated":true}]}}